{"id":92017,"date":"2021-06-06T17:09:50","date_gmt":"2021-06-06T15:09:50","guid":{"rendered":"https:\/\/ecorun.ee\/product\/cleanway-biotechnological-odorless-degreasing-cleaner-750ml-2\/"},"modified":"2023-06-09T13:50:41","modified_gmt":"2023-06-09T11:50:41","slug":"cleanway-biotechnological-odorless-degreasing-cleaner-750ml-2","status":"publish","type":"product","link":"https:\/\/ecorun.ee\/en\/product\/cleanway-biotechnological-odorless-degreasing-cleaner-750ml-2\/","title":{"rendered":"Cleanway biotechnological odorless degreasing cleaner 750ml"},"content":{"rendered":"<div class=\"row\"  id=\"row-1452175711\">\n\n\t<div id=\"col-1668999958\" class=\"col medium-4 small-12 large-4\"  >\n\t\t\t\t<div class=\"col-inner\"  >\n\t\t\t\n\t\t\t\n\t<div class=\"box has-hover   has-hover box-text-bottom\" >\n\n\t\t<div class=\"box-image\" style=\"width:60%;\">\n\t\t\t\t\t\t<div class=\"\" >\n\t\t\t\t<img loading=\"lazy\" decoding=\"async\" width=\"300\" height=\"300\" src=\"https:\/\/ecorun.ee\/wp-content\/uploads\/2021\/04\/uus-10.png\" class=\"attachment- size-\" alt=\"\" srcset=\"https:\/\/ecorun.ee\/wp-content\/uploads\/2021\/04\/uus-10.png 300w, https:\/\/ecorun.ee\/wp-content\/uploads\/2021\/04\/uus-10-280x280.png 280w, https:\/\/ecorun.ee\/wp-content\/uploads\/2021\/04\/uus-10-96x96.png 96w, https:\/\/ecorun.ee\/wp-content\/uploads\/2021\/04\/uus-10-42x42.png 42w, https:\/\/ecorun.ee\/wp-content\/uploads\/2021\/04\/uus-10-60x60.png 60w, https:\/\/ecorun.ee\/wp-content\/uploads\/2021\/04\/uus-10-100x100.png 100w\" sizes=\"auto, (max-width: 300px) 100vw, 300px\" \/>\t\t\t\t\t\t\t\t\t\t\t<\/div>\n\t\t\t\t\t<\/div>\n\n\t\t<div class=\"box-text text-center\" >\n\t\t\t<div class=\"box-text-inner\">\n\t\t\t\t\n<h2><span style=\"color: #ff6600;\"><strong>EFFECTIVE<\/strong><\/span><\/h2>\n<p>CLEANWAY effectivity is due to the biotechnological surfactants used, which are 500 times more effective than synthetic ones.<\/p>\n\t\t\t<\/div>\n\t\t<\/div>\n\t<\/div>\n\t\n\t\t<\/div>\n\t\t\t\t\t<\/div>\n\n\t\n\n\t<div id=\"col-111887211\" class=\"col medium-4 small-12 large-4\"  >\n\t\t\t\t<div class=\"col-inner\"  >\n\t\t\t\n\t\t\t\n\t<div class=\"box has-hover   has-hover box-text-bottom\" >\n\n\t\t<div class=\"box-image\" style=\"width:60%;\">\n\t\t\t\t\t\t<div class=\"\" >\n\t\t\t\t<img loading=\"lazy\" decoding=\"async\" width=\"300\" height=\"300\" src=\"https:\/\/ecorun.ee\/wp-content\/uploads\/2021\/04\/uus-54.png\" class=\"attachment- size-\" alt=\"\" srcset=\"https:\/\/ecorun.ee\/wp-content\/uploads\/2021\/04\/uus-54.png 300w, https:\/\/ecorun.ee\/wp-content\/uploads\/2021\/04\/uus-54-280x280.png 280w, https:\/\/ecorun.ee\/wp-content\/uploads\/2021\/04\/uus-54-96x96.png 96w, https:\/\/ecorun.ee\/wp-content\/uploads\/2021\/04\/uus-54-42x42.png 42w, https:\/\/ecorun.ee\/wp-content\/uploads\/2021\/04\/uus-54-60x60.png 60w, https:\/\/ecorun.ee\/wp-content\/uploads\/2021\/04\/uus-54-100x100.png 100w\" sizes=\"auto, (max-width: 300px) 100vw, 300px\" \/>\t\t\t\t\t\t\t\t\t\t\t<\/div>\n\t\t\t\t\t<\/div>\n\n\t\t<div class=\"box-text text-center\" >\n\t\t\t<div class=\"box-text-inner\">\n\t\t\t\t\n<h2><span style=\"color: #ff6600;\"><strong>SAFE<\/strong><\/span><\/h2>\n<p>CLEANWAY is safe for humans and the planet. No danger labeling. The ingredients are GMA-free and do not cause allergies.<\/p>\n\t\t\t<\/div>\n\t\t<\/div>\n\t<\/div>\n\t\n\t\t<\/div>\n\t\t\t\t\t<\/div>\n\n\t\n\n\t<div id=\"col-1364338980\" class=\"col medium-4 small-12 large-4\"  >\n\t\t\t\t<div class=\"col-inner\"  >\n\t\t\t\n\t\t\t\n\t<div class=\"box has-hover   has-hover box-text-bottom\" >\n\n\t\t<div class=\"box-image\" style=\"width:60%;\">\n\t\t\t\t\t\t<div class=\"\" >\n\t\t\t\t<img loading=\"lazy\" decoding=\"async\" width=\"300\" height=\"300\" src=\"https:\/\/ecorun.ee\/wp-content\/uploads\/2021\/04\/uus-11.png\" class=\"attachment- size-\" alt=\"\" srcset=\"https:\/\/ecorun.ee\/wp-content\/uploads\/2021\/04\/uus-11.png 300w, https:\/\/ecorun.ee\/wp-content\/uploads\/2021\/04\/uus-11-280x280.png 280w, https:\/\/ecorun.ee\/wp-content\/uploads\/2021\/04\/uus-11-96x96.png 96w, https:\/\/ecorun.ee\/wp-content\/uploads\/2021\/04\/uus-11-42x42.png 42w, https:\/\/ecorun.ee\/wp-content\/uploads\/2021\/04\/uus-11-60x60.png 60w, https:\/\/ecorun.ee\/wp-content\/uploads\/2021\/04\/uus-11-100x100.png 100w\" sizes=\"auto, (max-width: 300px) 100vw, 300px\" \/>\t\t\t\t\t\t\t\t\t\t\t<\/div>\n\t\t\t\t\t<\/div>\n\n\t\t<div class=\"box-text text-center\" >\n\t\t\t<div class=\"box-text-inner\">\n\t\t\t\t\n<h2><span style=\"color: #ff6600;\"><strong>ECOLOGICAL<\/strong><\/span><\/h2>\n<p>CLEANWAY is ecological and sustainable. The active ingredients are renewable and the packaging material is 100% recyclable. Proper dosing reduces costs and environmental impact.<\/p>\n\t\t\t<\/div>\n\t\t<\/div>\n\t<\/div>\n\t\n\t\t<\/div>\n\t\t\t\t\t<\/div>\n\n\t\n<\/div>\n<p><strong>CARWAY \u0160AMPOON<\/strong> on koostatud <strong>BIOSURF\u00ae<\/strong> meetodil, valides kasutamiseks \u00fcliefektiivsed bioloogilised k\u00f5rge m\u00e4rgamisv\u00f5imega pindaktiivsed ained, mis oluliselt v\u00e4hendavad toote kulu, samal ajal kindlustades suurep\u00e4rase toime k\u00f5ikidel autokeredel olenemata v\u00e4rvi t\u00fc\u00fcbist: metallik, lakk jm.<\/p>\n<div class=\"row\"  id=\"row-119886128\">\n\n\t<div id=\"col-176435431\" class=\"col medium-6 small-12 large-6\"  >\n\t\t\t\t<div class=\"col-inner\"  >\n\t\t\t\n\t\t\t\n<h3><strong>USAGE:<\/strong><\/h3>\n<div>1. Spray on the surface to be cleaned.<br \/>\n2. Let it work.<br \/>\n3. Rub the surface if needed.<br \/>\n4. Wipe or rinse as needed.<\/div>\n<div><\/div>\n<div><em><strong>IMPORTANT:<\/strong> After use on surfaces, that are in contact with food, rinse thoroughly with clean water.<\/em><\/div>\n<div><\/div>\n<p>The heavy-duty detergent is concentrated and therefore only a small amount of the detergent is needed to achieve the desired result. The right dose reduces costs and helps to protect the environment.<\/p>\n\t\t<\/div>\n\t\t\t\t\t<\/div>\n\n\t\n\n\t<div id=\"col-2028601565\" class=\"col medium-6 small-12 large-6\"  >\n\t\t\t\t<div class=\"col-inner\"  >\n\t\t\t\n\t\t\t\n\t<div class=\"img has-hover x md-x lg-x y md-y lg-y\" id=\"image_664223241\">\n\t\t\t\t\t\t\t\t<div class=\"img-inner dark\" >\n\t\t\t<img loading=\"lazy\" decoding=\"async\" width=\"1020\" height=\"534\" src=\"https:\/\/ecorun.ee\/wp-content\/uploads\/2021\/04\/avasta-uus-generatsioon-1-1400x733.png\" class=\"attachment-large size-large\" alt=\"\" srcset=\"https:\/\/ecorun.ee\/wp-content\/uploads\/2021\/04\/avasta-uus-generatsioon-1-1400x733.png 1400w, https:\/\/ecorun.ee\/wp-content\/uploads\/2021\/04\/avasta-uus-generatsioon-1-764x400.png 764w, https:\/\/ecorun.ee\/wp-content\/uploads\/2021\/04\/avasta-uus-generatsioon-1-768x402.png 768w, https:\/\/ecorun.ee\/wp-content\/uploads\/2021\/04\/avasta-uus-generatsioon-1-96x50.png 96w, https:\/\/ecorun.ee\/wp-content\/uploads\/2021\/04\/avasta-uus-generatsioon-1-42x22.png 42w, https:\/\/ecorun.ee\/wp-content\/uploads\/2021\/04\/avasta-uus-generatsioon-1-60x31.png 60w, https:\/\/ecorun.ee\/wp-content\/uploads\/2021\/04\/avasta-uus-generatsioon-1-1536x804.png 1536w, https:\/\/ecorun.ee\/wp-content\/uploads\/2021\/04\/avasta-uus-generatsioon-1-2048x1072.png 2048w, https:\/\/ecorun.ee\/wp-content\/uploads\/2021\/04\/avasta-uus-generatsioon-1-600x314.png 600w\" sizes=\"auto, (max-width: 1020px) 100vw, 1020px\" \/>\t\t\t\t\t\t\n\t\t\t\t\t<\/div>\n\t\t\t\t\t\t\t\t\n<style>\n#image_664223241 {\n  width: 93%;\n}\n<\/style>\n\t<\/div>\n\t\n\t\t<\/div>\n\t\t\t\t\t<\/div>\n\n\t\n<\/div>\n<div class=\"accordion\">\n\t<div id=\"accordion-2882084553\" class=\"accordion-item\">\n\t\t<a id=\"accordion-2882084553-label\" class=\"accordion-title plain\" href=\"#accordion-item-additional-info\" aria-expanded=\"false\" aria-controls=\"accordion-2882084553-content\">\n\t\t\t<button class=\"toggle\" aria-label=\"Toggle\"><i class=\"icon-angle-down\" aria-hidden=\"true\"><\/i><\/button>\n\t\t\t<span>ADDITIONAL INFO<\/span>\n\t\t<\/a>\n\t\t<div id=\"accordion-2882084553-content\" class=\"accordion-inner\" aria-labelledby=\"accordion-2882084553-label\">\n\t\t\t\n<p><strong>Characteristics:<\/strong> colorless, odorless liquid; pH 10,5<\/p>\n<p><b>Composition: <\/b>plant-based and biotechnology-based anionic and nonionic surfactants &lt; 5%<\/p>\n<h4><strong>Precautionary measures: <\/strong><b><\/b>Keep out of reach of children. Avoid inhalation of vapours. Do not mix different detergents. Keep at room temperature.<\/h4>\n<p><strong>Package:<\/strong> 750ml<\/p>\n<ul>\n<li>Classified as a safe cleaning product (no CLP hazard label pursuant to the EU requirements)<\/li>\n<li>100% biodegradable pursuant to OECD standard 301<\/li>\n<li>Packaged in spray PET bottle (PE+PP) made of recyclable plastic<\/li>\n<li>Manufacturer: H.T.S. Bio Laboratories, France<\/li>\n<\/ul>\n\t\t<\/div>\n\t<\/div>\n\t\n\t<div id=\"accordion-3529895502\" class=\"accordion-item\">\n\t\t<a id=\"accordion-3529895502-label\" class=\"accordion-title plain\" href=\"#accordion-item-product-card\" aria-expanded=\"false\" aria-controls=\"accordion-3529895502-content\">\n\t\t\t<button class=\"toggle\" aria-label=\"Toggle\"><i class=\"icon-angle-down\" aria-hidden=\"true\"><\/i><\/button>\n\t\t\t<span>PRODUCT CARD<\/span>\n\t\t<\/a>\n\t\t<div id=\"accordion-3529895502-content\" class=\"accordion-inner\" aria-labelledby=\"accordion-3529895502-label\">\n\t\t\t\n<a href=\"https:\/\/ecorun.ee\/wp-content\/uploads\/2021\/05\/ft-cleanway-virgin-en.pdf\" target=\"_blank\" class=\"button primary is-outline\" rel=\"noopener\" >\n\t\t<span>OPEN PDF<\/span>\n\t<\/a>\n\n\t\t<\/div>\n\t<\/div>\n\t\n\t<div id=\"accordion-1693067189\" class=\"accordion-item\">\n\t\t<a id=\"accordion-1693067189-label\" class=\"accordion-title plain\" href=\"#accordion-item-safety-data-sheet\" aria-expanded=\"false\" aria-controls=\"accordion-1693067189-content\">\n\t\t\t<button class=\"toggle\" aria-label=\"Toggle\"><i class=\"icon-angle-down\" aria-hidden=\"true\"><\/i><\/button>\n\t\t\t<span>SAFETY DATA SHEET<\/span>\n\t\t<\/a>\n\t\t<div id=\"accordion-1693067189-content\" class=\"accordion-inner\" aria-labelledby=\"accordion-1693067189-label\">\n\t\t\t\n<a href=\"https:\/\/ecorun.ee\/wp-content\/uploads\/2021\/04\/sds-cleanway-virgin-eng.pdf\" target=\"_blank\" class=\"button primary is-outline\" rel=\"noopener\" >\n\t\t<span>OPEN PDF<\/span>\n\t<\/a>\n\n\t\t<\/div>\n\t<\/div>\n\t\n<\/div>\n","protected":false},"excerpt":{"rendered":"<p><strong>A new generation biotechnological odorless cleaner that effectively cleans and removes grease from all washable surfaces. Perfect for cleaning of tables, walls, doors, handles, furniture, etc.<\/strong><\/p>\n<ul>\n<li>Effectively removes all dirt and grease<\/li>\n<li>Odorless and dye free composition<\/li>\n<li>Low product consumption<\/li>\n<li>Certified with Ecolabel.eu<\/li>\n<li>No hazard labeling<\/li>\n<\/ul>\n","protected":false},"featured_media":91981,"comment_status":"open","ping_status":"closed","template":"","meta":[],"product_brand":[],"product_cat":[128],"product_tag":[],"class_list":{"0":"post-92017","1":"product","2":"type-product","3":"status-publish","4":"has-post-thumbnail","6":"product_cat-ecoway-en","8":"first","9":"instock","10":"taxable","11":"shipping-taxable","12":"purchasable","13":"product-type-simple"},"yoast_head":"<!-- This site is optimized with the Yoast SEO plugin v27.2 - https:\/\/yoast.com\/product\/yoast-seo-wordpress\/ -->\n<title>CLEANWAY biotechnological odorless degreasing cleaner 750ml | Ecorun.ee<\/title>\n<meta name=\"description\" content=\"A new generation biotechnological odorless degreasing cleaner for various surfaces\" \/>\n<meta name=\"robots\" content=\"noindex, nofollow\" \/>\n<meta property=\"og:locale\" content=\"en_US\" \/>\n<meta property=\"og:type\" content=\"article\" \/>\n<meta property=\"og:title\" content=\"CLEANWAY biotechnological odorless degreasing cleaner 750ml | Ecorun.ee\" \/>\n<meta property=\"og:description\" content=\"A new generation biotechnological odorless degreasing cleaner for various surfaces\" \/>\n<meta property=\"og:url\" content=\"https:\/\/ecorun.ee\/en\/product\/cleanway-biotechnological-odorless-degreasing-cleaner-750ml-2\/\" \/>\n<meta property=\"og:site_name\" content=\"Ecorun.ee\" \/>\n<meta property=\"article:publisher\" content=\"https:\/\/www.facebook.com\/ecorun.ee\/\" \/>\n<meta property=\"article:modified_time\" content=\"2023-06-09T11:50:41+00:00\" \/>\n<meta property=\"og:image\" content=\"https:\/\/ecorun.ee\/wp-content\/uploads\/2021\/06\/insta-toode-90.png\" \/>\n\t<meta property=\"og:image:width\" content=\"1080\" \/>\n\t<meta property=\"og:image:height\" content=\"1080\" \/>\n\t<meta property=\"og:image:type\" content=\"image\/png\" \/>\n<meta name=\"twitter:card\" content=\"summary_large_image\" \/>\n<meta name=\"twitter:label1\" content=\"Est. reading time\" \/>\n\t<meta name=\"twitter:data1\" content=\"2 minutes\" \/>\n<script type=\"application\/ld+json\" class=\"yoast-schema-graph\">{\"@context\":\"https:\/\/schema.org\",\"@graph\":[{\"@type\":\"WebPage\",\"@id\":\"https:\/\/ecorun.ee\/en\/product\/cleanway-biotechnological-odorless-degreasing-cleaner-750ml-2\/\",\"url\":\"https:\/\/ecorun.ee\/en\/product\/cleanway-biotechnological-odorless-degreasing-cleaner-750ml-2\/\",\"name\":\"CLEANWAY biotechnological odorless degreasing cleaner 750ml | Ecorun.ee\",\"isPartOf\":{\"@id\":\"https:\/\/ecorun.ee\/#website\"},\"primaryImageOfPage\":{\"@id\":\"https:\/\/ecorun.ee\/en\/product\/cleanway-biotechnological-odorless-degreasing-cleaner-750ml-2\/#primaryimage\"},\"image\":{\"@id\":\"https:\/\/ecorun.ee\/en\/product\/cleanway-biotechnological-odorless-degreasing-cleaner-750ml-2\/#primaryimage\"},\"thumbnailUrl\":\"https:\/\/ecorun.ee\/wp-content\/uploads\/2021\/06\/insta-toode-90.png\",\"datePublished\":\"2021-06-06T15:09:50+00:00\",\"dateModified\":\"2023-06-09T11:50:41+00:00\",\"description\":\"A new generation biotechnological odorless degreasing cleaner for various surfaces\",\"breadcrumb\":{\"@id\":\"https:\/\/ecorun.ee\/en\/product\/cleanway-biotechnological-odorless-degreasing-cleaner-750ml-2\/#breadcrumb\"},\"inLanguage\":\"en-US\",\"potentialAction\":[{\"@type\":\"ReadAction\",\"target\":[\"https:\/\/ecorun.ee\/en\/product\/cleanway-biotechnological-odorless-degreasing-cleaner-750ml-2\/\"]}]},{\"@type\":\"ImageObject\",\"inLanguage\":\"en-US\",\"@id\":\"https:\/\/ecorun.ee\/en\/product\/cleanway-biotechnological-odorless-degreasing-cleaner-750ml-2\/#primaryimage\",\"url\":\"https:\/\/ecorun.ee\/wp-content\/uploads\/2021\/06\/insta-toode-90.png\",\"contentUrl\":\"https:\/\/ecorun.ee\/wp-content\/uploads\/2021\/06\/insta-toode-90.png\",\"width\":1080,\"height\":1080},{\"@type\":\"BreadcrumbList\",\"@id\":\"https:\/\/ecorun.ee\/en\/product\/cleanway-biotechnological-odorless-degreasing-cleaner-750ml-2\/#breadcrumb\",\"itemListElement\":[{\"@type\":\"ListItem\",\"position\":1,\"name\":\"Home\",\"item\":\"https:\/\/ecorun.ee\/en\/\"},{\"@type\":\"ListItem\",\"position\":2,\"name\":\"E-pood\",\"item\":\"https:\/\/ecorun.ee\/shop\/\"},{\"@type\":\"ListItem\",\"position\":3,\"name\":\"Cleanway biotechnological odorless degreasing cleaner 750ml\"}]},{\"@type\":\"WebSite\",\"@id\":\"https:\/\/ecorun.ee\/#website\",\"url\":\"https:\/\/ecorun.ee\/\",\"name\":\"Ecorun.ee\",\"description\":\"Professionaalsed looduslikud puhastusvahendid\",\"publisher\":{\"@id\":\"https:\/\/ecorun.ee\/#organization\"},\"potentialAction\":[{\"@type\":\"SearchAction\",\"target\":{\"@type\":\"EntryPoint\",\"urlTemplate\":\"https:\/\/ecorun.ee\/?s={search_term_string}\"},\"query-input\":{\"@type\":\"PropertyValueSpecification\",\"valueRequired\":true,\"valueName\":\"search_term_string\"}}],\"inLanguage\":\"en-US\"},{\"@type\":\"Organization\",\"@id\":\"https:\/\/ecorun.ee\/#organization\",\"name\":\"Ecorun O\u00dc\",\"url\":\"https:\/\/ecorun.ee\/\",\"logo\":{\"@type\":\"ImageObject\",\"inLanguage\":\"en-US\",\"@id\":\"https:\/\/ecorun.ee\/#\/schema\/logo\/image\/\",\"url\":\"https:\/\/ecorun.ee\/wp-content\/uploads\/2019\/03\/Ecorun_logo_varviline_RGB-01-1.png\",\"contentUrl\":\"https:\/\/ecorun.ee\/wp-content\/uploads\/2019\/03\/Ecorun_logo_varviline_RGB-01-1.png\",\"width\":2944,\"height\":1892,\"caption\":\"Ecorun O\u00dc\"},\"image\":{\"@id\":\"https:\/\/ecorun.ee\/#\/schema\/logo\/image\/\"},\"sameAs\":[\"https:\/\/www.facebook.com\/ecorun.ee\/\",\"https:\/\/www.instagram.com\/ecorun.ee\/\"]}]}<\/script>\n<!-- \/ Yoast SEO plugin. -->","yoast_head_json":{"title":"CLEANWAY biotechnological odorless degreasing cleaner 750ml | Ecorun.ee","description":"A new generation biotechnological odorless degreasing cleaner for various surfaces","robots":{"index":"noindex","follow":"nofollow"},"og_locale":"en_US","og_type":"article","og_title":"CLEANWAY biotechnological odorless degreasing cleaner 750ml | Ecorun.ee","og_description":"A new generation biotechnological odorless degreasing cleaner for various surfaces","og_url":"https:\/\/ecorun.ee\/en\/product\/cleanway-biotechnological-odorless-degreasing-cleaner-750ml-2\/","og_site_name":"Ecorun.ee","article_publisher":"https:\/\/www.facebook.com\/ecorun.ee\/","article_modified_time":"2023-06-09T11:50:41+00:00","og_image":[{"width":1080,"height":1080,"url":"https:\/\/ecorun.ee\/wp-content\/uploads\/2021\/06\/insta-toode-90.png","type":"image\/png"}],"twitter_card":"summary_large_image","twitter_misc":{"Est. reading time":"2 minutes"},"schema":{"@context":"https:\/\/schema.org","@graph":[{"@type":"WebPage","@id":"https:\/\/ecorun.ee\/en\/product\/cleanway-biotechnological-odorless-degreasing-cleaner-750ml-2\/","url":"https:\/\/ecorun.ee\/en\/product\/cleanway-biotechnological-odorless-degreasing-cleaner-750ml-2\/","name":"CLEANWAY biotechnological odorless degreasing cleaner 750ml | Ecorun.ee","isPartOf":{"@id":"https:\/\/ecorun.ee\/#website"},"primaryImageOfPage":{"@id":"https:\/\/ecorun.ee\/en\/product\/cleanway-biotechnological-odorless-degreasing-cleaner-750ml-2\/#primaryimage"},"image":{"@id":"https:\/\/ecorun.ee\/en\/product\/cleanway-biotechnological-odorless-degreasing-cleaner-750ml-2\/#primaryimage"},"thumbnailUrl":"https:\/\/ecorun.ee\/wp-content\/uploads\/2021\/06\/insta-toode-90.png","datePublished":"2021-06-06T15:09:50+00:00","dateModified":"2023-06-09T11:50:41+00:00","description":"A new generation biotechnological odorless degreasing cleaner for various surfaces","breadcrumb":{"@id":"https:\/\/ecorun.ee\/en\/product\/cleanway-biotechnological-odorless-degreasing-cleaner-750ml-2\/#breadcrumb"},"inLanguage":"en-US","potentialAction":[{"@type":"ReadAction","target":["https:\/\/ecorun.ee\/en\/product\/cleanway-biotechnological-odorless-degreasing-cleaner-750ml-2\/"]}]},{"@type":"ImageObject","inLanguage":"en-US","@id":"https:\/\/ecorun.ee\/en\/product\/cleanway-biotechnological-odorless-degreasing-cleaner-750ml-2\/#primaryimage","url":"https:\/\/ecorun.ee\/wp-content\/uploads\/2021\/06\/insta-toode-90.png","contentUrl":"https:\/\/ecorun.ee\/wp-content\/uploads\/2021\/06\/insta-toode-90.png","width":1080,"height":1080},{"@type":"BreadcrumbList","@id":"https:\/\/ecorun.ee\/en\/product\/cleanway-biotechnological-odorless-degreasing-cleaner-750ml-2\/#breadcrumb","itemListElement":[{"@type":"ListItem","position":1,"name":"Home","item":"https:\/\/ecorun.ee\/en\/"},{"@type":"ListItem","position":2,"name":"E-pood","item":"https:\/\/ecorun.ee\/shop\/"},{"@type":"ListItem","position":3,"name":"Cleanway biotechnological odorless degreasing cleaner 750ml"}]},{"@type":"WebSite","@id":"https:\/\/ecorun.ee\/#website","url":"https:\/\/ecorun.ee\/","name":"Ecorun.ee","description":"Professionaalsed looduslikud puhastusvahendid","publisher":{"@id":"https:\/\/ecorun.ee\/#organization"},"potentialAction":[{"@type":"SearchAction","target":{"@type":"EntryPoint","urlTemplate":"https:\/\/ecorun.ee\/?s={search_term_string}"},"query-input":{"@type":"PropertyValueSpecification","valueRequired":true,"valueName":"search_term_string"}}],"inLanguage":"en-US"},{"@type":"Organization","@id":"https:\/\/ecorun.ee\/#organization","name":"Ecorun O\u00dc","url":"https:\/\/ecorun.ee\/","logo":{"@type":"ImageObject","inLanguage":"en-US","@id":"https:\/\/ecorun.ee\/#\/schema\/logo\/image\/","url":"https:\/\/ecorun.ee\/wp-content\/uploads\/2019\/03\/Ecorun_logo_varviline_RGB-01-1.png","contentUrl":"https:\/\/ecorun.ee\/wp-content\/uploads\/2019\/03\/Ecorun_logo_varviline_RGB-01-1.png","width":2944,"height":1892,"caption":"Ecorun O\u00dc"},"image":{"@id":"https:\/\/ecorun.ee\/#\/schema\/logo\/image\/"},"sameAs":["https:\/\/www.facebook.com\/ecorun.ee\/","https:\/\/www.instagram.com\/ecorun.ee\/"]}]}},"_links":{"self":[{"href":"https:\/\/ecorun.ee\/en\/wp-json\/wp\/v2\/product\/92017","targetHints":{"allow":["GET"]}}],"collection":[{"href":"https:\/\/ecorun.ee\/en\/wp-json\/wp\/v2\/product"}],"about":[{"href":"https:\/\/ecorun.ee\/en\/wp-json\/wp\/v2\/types\/product"}],"replies":[{"embeddable":true,"href":"https:\/\/ecorun.ee\/en\/wp-json\/wp\/v2\/comments?post=92017"}],"wp:featuredmedia":[{"embeddable":true,"href":"https:\/\/ecorun.ee\/en\/wp-json\/wp\/v2\/media\/91981"}],"wp:attachment":[{"href":"https:\/\/ecorun.ee\/en\/wp-json\/wp\/v2\/media?parent=92017"}],"wp:term":[{"taxonomy":"product_brand","embeddable":true,"href":"https:\/\/ecorun.ee\/en\/wp-json\/wp\/v2\/product_brand?post=92017"},{"taxonomy":"product_cat","embeddable":true,"href":"https:\/\/ecorun.ee\/en\/wp-json\/wp\/v2\/product_cat?post=92017"},{"taxonomy":"product_tag","embeddable":true,"href":"https:\/\/ecorun.ee\/en\/wp-json\/wp\/v2\/product_tag?post=92017"}],"curies":[{"name":"wp","href":"https:\/\/api.w.org\/{rel}","templated":true}]}}