{"id":90847,"date":"2021-04-10T10:10:07","date_gmt":"2021-04-10T08:10:07","guid":{"rendered":"https:\/\/ecorun.ee\/payment-methods\/"},"modified":"2021-09-03T12:10:09","modified_gmt":"2021-09-03T10:10:09","slug":"payment-methods","status":"publish","type":"page","link":"https:\/\/ecorun.ee\/en\/payment-methods\/","title":{"rendered":"Payment methods"},"content":{"rendered":"<h1><strong>Payment methods<\/strong><\/h1>\n<p>All payment options valid in the Ecorun O\u00dc e-shop are listed here. If you do not find a suitable solution, please contact us <a href=\"mailto:info@ecorun.ee\">info@ecorun.ee<\/a><\/p>\n<h3><strong>BANK LINK<\/strong><\/h3>\n<p>A fast and secure way to pay in the e-shop. Payment is made outside the Ecorun O\u00dc e-shop environment directly in the selected internet bank. Possibilitys to pay with Estonian SEB, Swedbank, LHV, Coop, Luminor or Citadele bank payment. It is also possible to pay with bank links of Latvian, Lithuanian or Finlands banks. Convenient payment methods are provided by Montonio Finance O\u00dc. Ecorun O\u00dc e-shop does not have access to the customer&#8217;s bank and credit card data.<\/p>\n<h3><strong>VISA \/ MASTERCARD\u00a0\u00a0<\/strong><\/h3>\n<p>We offer our customers a secure way to pay with bank cards. Payment is made outside the Ecorun O\u00dc e-shop environment via the international Stripe payment module provided by Montonio Finance O\u00dc. The Ecorun O\u00dc e-shop does not have access to the customer&#8217;s bank and credit card data.<\/p>\n<h3><strong>PAYPAL<\/strong><\/h3>\n<p>There is a possibility to use fast and secure Paypal online payments in the e-shop.<\/p>\n<div class=\"textpage\">\u00a0<\/div>\n<div class=\"textpage\">\n<h3><strong>ESTO instalments \u2013 do not wish to pay for the whole amount at once? Pay by instalments!<\/strong><\/h3>\n<div>Purchase your product and pay over time with <strong>ESTO instalments<\/strong> \u2013 the most low-cost and user-friendly installment loan in Estonia! ESTO instalments offers easy financing \u2013 without a catch. There are no gimmicks like deferred interest or hidden fees, so the total you see at checkout is always what you\u2019ll actually pay.<\/div>\n<div>Using ESTO instalments at checkout is extremely simple, convenient and fast. Just select suitable period and insert your contact details for a real-time decision \u2013 complete your purchase within 60 seconds!<\/div>\n<div>\u00a0<\/div>\n<div>Add products to cart and for payment method select ESTO instalments in check out. Pick a loan period that fits your budget and complete the purchase with digital signing (<strong>Mobile-ID, Smart-ID or ID-card signature<\/strong>). Simple as that!<\/div>\n<div>\u00a0<\/div>\n<div>When making a purchase using ESTO instalments you receive the product right away (store ships your order immediately). ESTO instalments can be used for making larger purchases as well as smaller ones.<\/div>\n<div>\u00a0<\/div>\n<div>People, who qualify for ESTO instalments, must remain in the age range of 18-70 years and have an Estonian citizenship.<\/div>\n<div>\u00a0<\/div>\n<div>ESTO instalments conditions:<\/div>\n<div>\u2022 Interest rate from 0%<\/div>\n<div>\u2022 Contract fee from 0 EUR<\/div>\n<div>\u2022 Period up to 4 years<\/div>\n<\/div>\n<div>\u00a0<\/div>\n<div class=\"textpage\">\n<div><em>Installment loan is provided by<strong> ESTO AS<\/strong>. Review the terms and conditions at www.esto.ee and consult with our expert. The installment loan is a financial obligation. Please assess your financial position and think about whether you really need the loan before you submit the application, so you can be sure that you are able to repay the loan in a timely manner. The monthly payment is 146.37\u20ac and annual rate of charge is 34.74% on the following sample terms and conditions: loan amount 1500\u20ac, annual interest rate of 14.90% on the outstanding balance (fixed), contract fee 14.90\u20ac and repayment period of 12 months.\u00a0<\/em><\/div>\n<\/div>\n","protected":false},"excerpt":{"rendered":"<p>Payment methods All payment options valid in the Ecorun O\u00dc e-shop are listed here. If you do not find a suitable solution, please contact us info@ecorun.ee BANK LINK A fast and secure way to pay in the e-shop. Payment is made outside the Ecorun O\u00dc e-shop environment directly in the selected internet bank. Possibilitys to [&#8230;]\n","protected":false},"author":2,"featured_media":0,"parent":0,"menu_order":0,"comment_status":"closed","ping_status":"closed","template":"","meta":{"footnotes":""},"class_list":["post-90847","page","type-page","status-publish","hentry"],"yoast_head":"<!-- This site is optimized with the Yoast SEO plugin v27.2 - https:\/\/yoast.com\/product\/yoast-seo-wordpress\/ -->\n<title>Payment methods | Ecorun.ee<\/title>\n<meta name=\"description\" content=\"Payment methods of Ecorun O\u00dc e-shop\" \/>\n<meta name=\"robots\" content=\"noindex, nofollow\" \/>\n<meta property=\"og:locale\" content=\"en_US\" \/>\n<meta property=\"og:type\" content=\"article\" \/>\n<meta property=\"og:title\" content=\"Payment methods | Ecorun.ee\" \/>\n<meta property=\"og:description\" content=\"Payment methods of Ecorun O\u00dc e-shop\" \/>\n<meta property=\"og:url\" content=\"https:\/\/ecorun.ee\/en\/payment-methods\/\" \/>\n<meta property=\"og:site_name\" content=\"Ecorun.ee\" \/>\n<meta property=\"article:publisher\" content=\"https:\/\/www.facebook.com\/ecorun.ee\/\" \/>\n<meta property=\"article:modified_time\" content=\"2021-09-03T10:10:09+00:00\" \/>\n<meta name=\"twitter:card\" content=\"summary_large_image\" \/>\n<meta name=\"twitter:label1\" content=\"Est. reading time\" \/>\n\t<meta name=\"twitter:data1\" content=\"2 minutes\" \/>\n<script type=\"application\/ld+json\" class=\"yoast-schema-graph\">{\"@context\":\"https:\/\/schema.org\",\"@graph\":[{\"@type\":\"WebPage\",\"@id\":\"https:\/\/ecorun.ee\/en\/payment-methods\/\",\"url\":\"https:\/\/ecorun.ee\/en\/payment-methods\/\",\"name\":\"Payment methods | Ecorun.ee\",\"isPartOf\":{\"@id\":\"https:\/\/ecorun.ee\/#website\"},\"datePublished\":\"2021-04-10T08:10:07+00:00\",\"dateModified\":\"2021-09-03T10:10:09+00:00\",\"description\":\"Payment methods of Ecorun O\u00dc e-shop\",\"breadcrumb\":{\"@id\":\"https:\/\/ecorun.ee\/en\/payment-methods\/#breadcrumb\"},\"inLanguage\":\"en-US\",\"potentialAction\":[{\"@type\":\"ReadAction\",\"target\":[\"https:\/\/ecorun.ee\/en\/payment-methods\/\"]}]},{\"@type\":\"BreadcrumbList\",\"@id\":\"https:\/\/ecorun.ee\/en\/payment-methods\/#breadcrumb\",\"itemListElement\":[{\"@type\":\"ListItem\",\"position\":1,\"name\":\"Home\",\"item\":\"https:\/\/ecorun.ee\/en\/\"},{\"@type\":\"ListItem\",\"position\":2,\"name\":\"Payment methods\"}]},{\"@type\":\"WebSite\",\"@id\":\"https:\/\/ecorun.ee\/#website\",\"url\":\"https:\/\/ecorun.ee\/\",\"name\":\"Ecorun.ee\",\"description\":\"Professionaalsed looduslikud puhastusvahendid\",\"publisher\":{\"@id\":\"https:\/\/ecorun.ee\/#organization\"},\"potentialAction\":[{\"@type\":\"SearchAction\",\"target\":{\"@type\":\"EntryPoint\",\"urlTemplate\":\"https:\/\/ecorun.ee\/?s={search_term_string}\"},\"query-input\":{\"@type\":\"PropertyValueSpecification\",\"valueRequired\":true,\"valueName\":\"search_term_string\"}}],\"inLanguage\":\"en-US\"},{\"@type\":\"Organization\",\"@id\":\"https:\/\/ecorun.ee\/#organization\",\"name\":\"Ecorun O\u00dc\",\"url\":\"https:\/\/ecorun.ee\/\",\"logo\":{\"@type\":\"ImageObject\",\"inLanguage\":\"en-US\",\"@id\":\"https:\/\/ecorun.ee\/#\/schema\/logo\/image\/\",\"url\":\"https:\/\/ecorun.ee\/wp-content\/uploads\/2019\/03\/Ecorun_logo_varviline_RGB-01-1.png\",\"contentUrl\":\"https:\/\/ecorun.ee\/wp-content\/uploads\/2019\/03\/Ecorun_logo_varviline_RGB-01-1.png\",\"width\":2944,\"height\":1892,\"caption\":\"Ecorun O\u00dc\"},\"image\":{\"@id\":\"https:\/\/ecorun.ee\/#\/schema\/logo\/image\/\"},\"sameAs\":[\"https:\/\/www.facebook.com\/ecorun.ee\/\",\"https:\/\/www.instagram.com\/ecorun.ee\/\"]}]}<\/script>\n<!-- \/ Yoast SEO plugin. -->","yoast_head_json":{"title":"Payment methods | Ecorun.ee","description":"Payment methods of Ecorun O\u00dc e-shop","robots":{"index":"noindex","follow":"nofollow"},"og_locale":"en_US","og_type":"article","og_title":"Payment methods | Ecorun.ee","og_description":"Payment methods of Ecorun O\u00dc e-shop","og_url":"https:\/\/ecorun.ee\/en\/payment-methods\/","og_site_name":"Ecorun.ee","article_publisher":"https:\/\/www.facebook.com\/ecorun.ee\/","article_modified_time":"2021-09-03T10:10:09+00:00","twitter_card":"summary_large_image","twitter_misc":{"Est. reading time":"2 minutes"},"schema":{"@context":"https:\/\/schema.org","@graph":[{"@type":"WebPage","@id":"https:\/\/ecorun.ee\/en\/payment-methods\/","url":"https:\/\/ecorun.ee\/en\/payment-methods\/","name":"Payment methods | Ecorun.ee","isPartOf":{"@id":"https:\/\/ecorun.ee\/#website"},"datePublished":"2021-04-10T08:10:07+00:00","dateModified":"2021-09-03T10:10:09+00:00","description":"Payment methods of Ecorun O\u00dc e-shop","breadcrumb":{"@id":"https:\/\/ecorun.ee\/en\/payment-methods\/#breadcrumb"},"inLanguage":"en-US","potentialAction":[{"@type":"ReadAction","target":["https:\/\/ecorun.ee\/en\/payment-methods\/"]}]},{"@type":"BreadcrumbList","@id":"https:\/\/ecorun.ee\/en\/payment-methods\/#breadcrumb","itemListElement":[{"@type":"ListItem","position":1,"name":"Home","item":"https:\/\/ecorun.ee\/en\/"},{"@type":"ListItem","position":2,"name":"Payment methods"}]},{"@type":"WebSite","@id":"https:\/\/ecorun.ee\/#website","url":"https:\/\/ecorun.ee\/","name":"Ecorun.ee","description":"Professionaalsed looduslikud puhastusvahendid","publisher":{"@id":"https:\/\/ecorun.ee\/#organization"},"potentialAction":[{"@type":"SearchAction","target":{"@type":"EntryPoint","urlTemplate":"https:\/\/ecorun.ee\/?s={search_term_string}"},"query-input":{"@type":"PropertyValueSpecification","valueRequired":true,"valueName":"search_term_string"}}],"inLanguage":"en-US"},{"@type":"Organization","@id":"https:\/\/ecorun.ee\/#organization","name":"Ecorun O\u00dc","url":"https:\/\/ecorun.ee\/","logo":{"@type":"ImageObject","inLanguage":"en-US","@id":"https:\/\/ecorun.ee\/#\/schema\/logo\/image\/","url":"https:\/\/ecorun.ee\/wp-content\/uploads\/2019\/03\/Ecorun_logo_varviline_RGB-01-1.png","contentUrl":"https:\/\/ecorun.ee\/wp-content\/uploads\/2019\/03\/Ecorun_logo_varviline_RGB-01-1.png","width":2944,"height":1892,"caption":"Ecorun O\u00dc"},"image":{"@id":"https:\/\/ecorun.ee\/#\/schema\/logo\/image\/"},"sameAs":["https:\/\/www.facebook.com\/ecorun.ee\/","https:\/\/www.instagram.com\/ecorun.ee\/"]}]}},"_links":{"self":[{"href":"https:\/\/ecorun.ee\/en\/wp-json\/wp\/v2\/pages\/90847","targetHints":{"allow":["GET"]}}],"collection":[{"href":"https:\/\/ecorun.ee\/en\/wp-json\/wp\/v2\/pages"}],"about":[{"href":"https:\/\/ecorun.ee\/en\/wp-json\/wp\/v2\/types\/page"}],"author":[{"embeddable":true,"href":"https:\/\/ecorun.ee\/en\/wp-json\/wp\/v2\/users\/2"}],"replies":[{"embeddable":true,"href":"https:\/\/ecorun.ee\/en\/wp-json\/wp\/v2\/comments?post=90847"}],"version-history":[{"count":2,"href":"https:\/\/ecorun.ee\/en\/wp-json\/wp\/v2\/pages\/90847\/revisions"}],"predecessor-version":[{"id":92884,"href":"https:\/\/ecorun.ee\/en\/wp-json\/wp\/v2\/pages\/90847\/revisions\/92884"}],"wp:attachment":[{"href":"https:\/\/ecorun.ee\/en\/wp-json\/wp\/v2\/media?parent=90847"}],"curies":[{"name":"wp","href":"https:\/\/api.w.org\/{rel}","templated":true}]}}